{"id":644,"date":"2022-10-04T15:25:06","date_gmt":"2022-10-04T13:25:06","guid":{"rendered":"https:\/\/mampaindustries.com\/welcome\/?page_id=644"},"modified":"2026-01-15T16:36:54","modified_gmt":"2026-01-15T15:36:54","slug":"about-us-2","status":"publish","type":"page","link":"https:\/\/mampaindustries.com\/welcome\/about-us-2\/","title":{"rendered":"About"},"content":{"rendered":"\t\t<div data-elementor-type=\"wp-page\" data-elementor-id=\"644\" class=\"elementor elementor-644\">\n\t\t\t\t\t\t<section class=\"elementor-section elementor-top-section elementor-element elementor-element-5a19bc2 elementor-section-boxed elementor-section-height-default elementor-section-height-default\" data-id=\"5a19bc2\" data-element_type=\"section\" data-e-type=\"section\">\n\t\t\t\t\t\t<div class=\"elementor-container elementor-column-gap-default\">\n\t\t\t\t\t<div class=\"elementor-column elementor-col-50 elementor-top-column elementor-element elementor-element-3d58edd\" data-id=\"3d58edd\" data-element_type=\"column\" data-e-type=\"column\">\n\t\t\t<div class=\"elementor-widget-wrap elementor-element-populated\">\n\t\t\t\t\t\t<div class=\"elementor-element elementor-element-f54e564 elementor-widget elementor-widget-spacer\" data-id=\"f54e564\" data-element_type=\"widget\" data-e-type=\"widget\" data-widget_type=\"spacer.default\">\n\t\t\t\t<div class=\"elementor-widget-container\">\n\t\t\t\t\t\t\t<div class=\"elementor-spacer\">\n\t\t\t<div class=\"elementor-spacer-inner\"><\/div>\n\t\t<\/div>\n\t\t\t\t\t\t<\/div>\n\t\t\t\t<\/div>\n\t\t\t\t<div class=\"elementor-element elementor-element-a8cd5bb elementor-widget elementor-widget-text-editor\" data-id=\"a8cd5bb\" data-element_type=\"widget\" data-e-type=\"widget\" data-widget_type=\"text-editor.default\">\n\t\t\t\t<div class=\"elementor-widget-container\">\n\t\t\t\t\t\t\t\t\t<div><p><strong>Maria Burges<\/strong><\/p><p>Inhaberin.\u00a0<br \/>TV-Journalistin t\u00e4tig.<\/p><p>1995 gr\u00fcndete sie in den USA ein Produktionsb\u00fcro und drehte im Einzugsgebiet USA und der Karibik TV-Reportagen f\u00fcr RTL, Stern TV, Spiegel TV, das Schweizer Fernsehen, Focus TV, ARD.<\/p><p>2002 kehrte sie nach Deutschland zur\u00fcck und gr\u00fcndete den mampa Verlag mit verschiedenen Publikationen.<\/p><p>Parallel dreht Maria Burges weiter Fernseh-Reportagen und -Dokus u.a. f\u00fcr <a href=\"https:\/\/mampaindustries.com\/welcome\/tv-produktionen\/\">Spiegel TV Produktions GmbH\u00a0und das ZDF.<\/a><\/p><\/div>\t\t\t\t\t\t\t\t<\/div>\n\t\t\t\t<\/div>\n\t\t\t\t\t<\/div>\n\t\t<\/div>\n\t\t\t\t<div class=\"elementor-column elementor-col-50 elementor-top-column elementor-element elementor-element-1153b2f\" data-id=\"1153b2f\" data-element_type=\"column\" data-e-type=\"column\">\n\t\t\t<div class=\"elementor-widget-wrap elementor-element-populated\">\n\t\t\t\t\t\t<div class=\"elementor-element elementor-element-11a2059 elementor-widget elementor-widget-spacer\" data-id=\"11a2059\" data-element_type=\"widget\" data-e-type=\"widget\" data-widget_type=\"spacer.default\">\n\t\t\t\t<div class=\"elementor-widget-container\">\n\t\t\t\t\t\t\t<div class=\"elementor-spacer\">\n\t\t\t<div class=\"elementor-spacer-inner\"><\/div>\n\t\t<\/div>\n\t\t\t\t\t\t<\/div>\n\t\t\t\t<\/div>\n\t\t\t\t<div class=\"elementor-element elementor-element-1ba7dff elementor-widget elementor-widget-image\" data-id=\"1ba7dff\" data-element_type=\"widget\" data-e-type=\"widget\" data-widget_type=\"image.default\">\n\t\t\t\t<div class=\"elementor-widget-container\">\n\t\t\t\t\t\t\t\t\t\t\t\t\t\t\t<img fetchpriority=\"high\" decoding=\"async\" width=\"1024\" height=\"576\" src=\"https:\/\/mampaindustries.com\/wp-content\/uploads\/2025\/05\/maria_1.jpg\" class=\"attachment-large size-large wp-image-1134\" alt=\"\" srcset=\"https:\/\/mampaindustries.com\/wp-content\/uploads\/2025\/05\/maria_1.jpg 1024w, https:\/\/mampaindustries.com\/wp-content\/uploads\/2025\/05\/maria_1-300x169.jpg 300w, https:\/\/mampaindustries.com\/wp-content\/uploads\/2025\/05\/maria_1-768x432.jpg 768w\" sizes=\"(max-width: 1024px) 100vw, 1024px\" \/>\t\t\t\t\t\t\t\t\t\t\t\t\t\t\t<\/div>\n\t\t\t\t<\/div>\n\t\t\t\t\t<\/div>\n\t\t<\/div>\n\t\t\t\t\t<\/div>\n\t\t<\/section>\n\t\t\t\t<section class=\"elementor-section elementor-top-section elementor-element elementor-element-e9f749c elementor-section-boxed elementor-section-height-default elementor-section-height-default\" data-id=\"e9f749c\" data-element_type=\"section\" data-e-type=\"section\">\n\t\t\t\t\t\t<div class=\"elementor-container elementor-column-gap-default\">\n\t\t\t\t\t<div class=\"elementor-column elementor-col-50 elementor-top-column elementor-element elementor-element-439e620\" data-id=\"439e620\" data-element_type=\"column\" data-e-type=\"column\">\n\t\t\t<div class=\"elementor-widget-wrap elementor-element-populated\">\n\t\t\t\t\t\t<div class=\"elementor-element elementor-element-051b7bb elementor-widget elementor-widget-text-editor\" data-id=\"051b7bb\" data-element_type=\"widget\" data-e-type=\"widget\" data-widget_type=\"text-editor.default\">\n\t\t\t\t<div class=\"elementor-widget-container\">\n\t\t\t\t\t\t\t\t\t<p><strong>Sean Schr\u00f6der<\/strong><\/p><p>Kameramann &amp; Editor<\/p>\t\t\t\t\t\t\t\t<\/div>\n\t\t\t\t<\/div>\n\t\t\t\t\t<\/div>\n\t\t<\/div>\n\t\t\t\t<div class=\"elementor-column elementor-col-50 elementor-top-column elementor-element elementor-element-748e89c\" data-id=\"748e89c\" data-element_type=\"column\" data-e-type=\"column\">\n\t\t\t<div class=\"elementor-widget-wrap elementor-element-populated\">\n\t\t\t\t\t\t<div class=\"elementor-element elementor-element-e25727f elementor-widget elementor-widget-image\" data-id=\"e25727f\" data-element_type=\"widget\" data-e-type=\"widget\" data-widget_type=\"image.default\">\n\t\t\t\t<div class=\"elementor-widget-container\">\n\t\t\t\t\t\t\t\t\t\t\t\t\t\t\t<img decoding=\"async\" width=\"837\" height=\"1024\" src=\"https:\/\/mampaindustries.com\/wp-content\/uploads\/2026\/01\/sean-837x1024.png\" class=\"attachment-large size-large wp-image-1248\" alt=\"\" srcset=\"https:\/\/mampaindustries.com\/wp-content\/uploads\/2026\/01\/sean-837x1024.png 837w, https:\/\/mampaindustries.com\/wp-content\/uploads\/2026\/01\/sean-245x300.png 245w, https:\/\/mampaindustries.com\/wp-content\/uploads\/2026\/01\/sean-768x939.png 768w, https:\/\/mampaindustries.com\/wp-content\/uploads\/2026\/01\/sean.png 1230w\" sizes=\"(max-width: 837px) 100vw, 837px\" \/>\t\t\t\t\t\t\t\t\t\t\t\t\t\t\t<\/div>\n\t\t\t\t<\/div>\n\t\t\t\t\t<\/div>\n\t\t<\/div>\n\t\t\t\t\t<\/div>\n\t\t<\/section>\n\t\t\t\t<\/div>\n\t\t","protected":false},"excerpt":{"rendered":"<p>Maria Burges Inhaberin.\u00a0TV-Journalistin t\u00e4tig. 1995 gr\u00fcndete sie in den USA ein Produktionsb\u00fcro und drehte im Einzugsgebiet USA und der Karibik TV-Reportagen f\u00fcr RTL, Stern TV, Spiegel TV, das Schweizer Fernsehen, Focus TV, ARD. 2002 kehrte sie nach Deutschland zur\u00fcck und gr\u00fcndete den mampa Verlag mit verschiedenen Publikationen. Parallel dreht Maria Burges weiter Fernseh-Reportagen und -Dokus [&hellip;]<\/p>\n","protected":false},"author":1,"featured_media":0,"parent":0,"menu_order":0,"comment_status":"closed","ping_status":"closed","template":"","meta":{"footnotes":""},"class_list":["post-644","page","type-page","status-publish","hentry","wpbf-post"],"_links":{"self":[{"href":"https:\/\/mampaindustries.com\/welcome\/wp-json\/wp\/v2\/pages\/644","targetHints":{"allow":["GET"]}}],"collection":[{"href":"https:\/\/mampaindustries.com\/welcome\/wp-json\/wp\/v2\/pages"}],"about":[{"href":"https:\/\/mampaindustries.com\/welcome\/wp-json\/wp\/v2\/types\/page"}],"author":[{"embeddable":true,"href":"https:\/\/mampaindustries.com\/welcome\/wp-json\/wp\/v2\/users\/1"}],"replies":[{"embeddable":true,"href":"https:\/\/mampaindustries.com\/welcome\/wp-json\/wp\/v2\/comments?post=644"}],"version-history":[{"count":10,"href":"https:\/\/mampaindustries.com\/welcome\/wp-json\/wp\/v2\/pages\/644\/revisions"}],"predecessor-version":[{"id":1251,"href":"https:\/\/mampaindustries.com\/welcome\/wp-json\/wp\/v2\/pages\/644\/revisions\/1251"}],"wp:attachment":[{"href":"https:\/\/mampaindustries.com\/welcome\/wp-json\/wp\/v2\/media?parent=644"}],"curies":[{"name":"wp","href":"https:\/\/api.w.org\/{rel}","templated":true}]}}